{"id":375,"date":"2022-01-27T21:53:13","date_gmt":"2022-01-27T21:53:13","guid":{"rendered":"https:\/\/tposa.com.ar\/wp\/?page_id=375"},"modified":"2022-06-08T17:06:02","modified_gmt":"2022-06-08T17:06:02","slug":"pago-on-line","status":"publish","type":"page","link":"https:\/\/tposa.com.ar\/wp\/pago-on-line\/","title":{"rendered":"Pago On Line"},"content":{"rendered":"<style>\/*! elementor - v3.6.5 - 27-04-2022 *\/\n.elementor-heading-title{padding:0;margin:0;line-height:1}.elementor-widget-heading .elementor-heading-title[class*=elementor-size-]>a{color:inherit;font-size:inherit;line-height:inherit}.elementor-widget-heading .elementor-heading-title.elementor-size-small{font-size:15px}.elementor-widget-heading .elementor-heading-title.elementor-size-medium{font-size:19px}.elementor-widget-heading .elementor-heading-title.elementor-size-large{font-size:29px}.elementor-widget-heading .elementor-heading-title.elementor-size-xl{font-size:39px}.elementor-widget-heading .elementor-heading-title.elementor-size-xxl{font-size:59px}<\/style>\n<h3>Elige tu medio de pago&#8230;<\/h3>\n<style>\/*! elementor - v3.6.5 - 27-04-2022 *\/\n.elementor-widget-image{text-align:center}.elementor-widget-image a{display:inline-block}.elementor-widget-image a img[src$=\".svg\"]{width:48px}.elementor-widget-image img{vertical-align:middle;display:inline-block}<\/style>\n<p>\t\t\t\t\t\t\t\t\t\t\t\t\t<a href=\"https:\/\/www.e-pagofacil.com\/\"><br \/>\n\t\t\t\t\t\t\t<img width=\"1024\" height=\"1024\" src=\"https:\/\/tposa.com.ar\/wp\/wp-content\/uploads\/2022\/03\/Diseno-sin-titulo-2022-03-09T220408.465-1024x1024.png\" alt=\"\" loading=\"lazy\" srcset=\"https:\/\/tposa.com.ar\/wp\/wp-content\/uploads\/2022\/03\/Diseno-sin-titulo-2022-03-09T220408.465-1024x1024.png 1024w, https:\/\/tposa.com.ar\/wp\/wp-content\/uploads\/2022\/03\/Diseno-sin-titulo-2022-03-09T220408.465-300x300.png 300w, https:\/\/tposa.com.ar\/wp\/wp-content\/uploads\/2022\/03\/Diseno-sin-titulo-2022-03-09T220408.465-150x150.png 150w, https:\/\/tposa.com.ar\/wp\/wp-content\/uploads\/2022\/03\/Diseno-sin-titulo-2022-03-09T220408.465-768x768.png 768w, https:\/\/tposa.com.ar\/wp\/wp-content\/uploads\/2022\/03\/Diseno-sin-titulo-2022-03-09T220408.465.png 1080w\" sizes=\"(max-width: 1024px) 100vw, 1024px\" \/>\t\t\t\t\t\t\t\t<\/a><br \/>\n\t\t\t\t\t\t\t\t\t\t\t\t\t\t\t\t<a href=\"https:\/\/rapipago.com.ar\/rapipagoWeb\/\"><br \/>\n\t\t\t\t\t\t\t<img width=\"1024\" height=\"1024\" src=\"https:\/\/tposa.com.ar\/wp\/wp-content\/uploads\/2022\/03\/Diseno-sin-titulo-2022-03-09T220352.837-1024x1024.png\" alt=\"\" loading=\"lazy\" srcset=\"https:\/\/tposa.com.ar\/wp\/wp-content\/uploads\/2022\/03\/Diseno-sin-titulo-2022-03-09T220352.837-1024x1024.png 1024w, https:\/\/tposa.com.ar\/wp\/wp-content\/uploads\/2022\/03\/Diseno-sin-titulo-2022-03-09T220352.837-300x300.png 300w, https:\/\/tposa.com.ar\/wp\/wp-content\/uploads\/2022\/03\/Diseno-sin-titulo-2022-03-09T220352.837-150x150.png 150w, https:\/\/tposa.com.ar\/wp\/wp-content\/uploads\/2022\/03\/Diseno-sin-titulo-2022-03-09T220352.837-768x768.png 768w, https:\/\/tposa.com.ar\/wp\/wp-content\/uploads\/2022\/03\/Diseno-sin-titulo-2022-03-09T220352.837.png 1080w\" sizes=\"(max-width: 1024px) 100vw, 1024px\" \/>\t\t\t\t\t\t\t\t<\/a><br \/>\n\t\t\t\t\t\t\t\t\t\t\t\t\t\t\t\t<a href=\"https:\/\/www.provincianet.com.ar\/\"><br \/>\n\t\t\t\t\t\t\t<img width=\"1024\" height=\"1024\" src=\"https:\/\/tposa.com.ar\/wp\/wp-content\/uploads\/2022\/03\/Diseno-sin-titulo-2022-03-10T144319.016-1024x1024.png\" alt=\"\" loading=\"lazy\" srcset=\"https:\/\/tposa.com.ar\/wp\/wp-content\/uploads\/2022\/03\/Diseno-sin-titulo-2022-03-10T144319.016-1024x1024.png 1024w, https:\/\/tposa.com.ar\/wp\/wp-content\/uploads\/2022\/03\/Diseno-sin-titulo-2022-03-10T144319.016-300x300.png 300w, https:\/\/tposa.com.ar\/wp\/wp-content\/uploads\/2022\/03\/Diseno-sin-titulo-2022-03-10T144319.016-150x150.png 150w, https:\/\/tposa.com.ar\/wp\/wp-content\/uploads\/2022\/03\/Diseno-sin-titulo-2022-03-10T144319.016-768x768.png 768w, https:\/\/tposa.com.ar\/wp\/wp-content\/uploads\/2022\/03\/Diseno-sin-titulo-2022-03-10T144319.016.png 1080w\" sizes=\"(max-width: 1024px) 100vw, 1024px\" \/>\t\t\t\t\t\t\t\t<\/a><br \/>\n\t\t\t\t\t\t\t\t\t\t\t\t\t\t\t<img width=\"434\" height=\"209\" src=\"https:\/\/tposa.com.ar\/wp\/wp-content\/uploads\/2022\/03\/Logo_Blanco.png\" alt=\"\" loading=\"lazy\" srcset=\"https:\/\/tposa.com.ar\/wp\/wp-content\/uploads\/2022\/03\/Logo_Blanco.png 434w, https:\/\/tposa.com.ar\/wp\/wp-content\/uploads\/2022\/03\/Logo_Blanco-300x144.png 300w\" sizes=\"(max-width: 434px) 100vw, 434px\" \/><br \/>\n\t\t\t<img loading=\"lazy\" src=\"http:\/\/www.afip.gob.ar\/images\/f960\/DATAWEB.jpg\" border=\"0\" width=\"43\" height=\"56\">\t\t<\/p>\n<p style=\"text-align: left;\">Dto. T\u00e9cnico:\u00a0 11-6980-8441<\/p>\n<p>Pago Telef\u00f3nico:<\/p>\n<p>( Con Tarjeta de credito):\u00a0\u00a011-6980-8304<\/p>\n<p><a href=\"https:\/\/tposa.com.ar\/wp\/\">Inicio<\/a><br \/><a href=\"https:\/\/tposa.com.ar\/wp\/programacion\/\">Programacion<\/a><br \/><a href=\"https:\/\/tposa.com.ar\/wp\/guia-de-caneles\/\">Guia de Canales<\/a><br \/><a href=\"https:\/\/tposa.com.ar\/wp\/contactanos\/\">Contactanos<\/a><br \/><a href=\"https:\/\/tposa.com.ar\/wp\/quienes-somos\/\">Quienes Somos\u00a0<\/a><\/p>\n<p><a href=\"https:\/\/tposa.com.ar\/wp\/solicitud-de-baja\/\">Solicitud de Baja<\/a><br \/><a href=\"https:\/\/tposa.com.ar\/wp\/condiciones-generales\/\">Terminos y Condiciones<\/a><br \/><a href=\"https:\/\/tposa.com.ar\/wp\/denuncia-anonima\/\">Denuncia de Clandestinos<\/a>\u00a0<\/p>\n<p>\t\t\t<a href=\"https:\/\/wa.me\/5491154878042\"><br \/>\n\t\t\t\t\t\t<\/a><\/p>\n<p>Hace click en el Icono &#8211; solo\u00a0 mensajes &#8211;<\/p>\n<p>Los servicios prestados por Televisora Privada del Oeste S.A. est\u00e1n sujetos a disponibilidad t\u00e9cnica y geogr\u00e1fica dentro del territorio Argentino. 2022 Todos los derechos reservados.<\/p>\n","protected":false},"excerpt":{"rendered":"<p>Elige tu medio de pago&#8230; Dto. T\u00e9cnico:\u00a0 11-6980-8441 Pago Telef\u00f3nico: ( Con Tarjeta de credito):\u00a0\u00a011-6980-8304 InicioProgramacionGuia de CanalesContactanosQuienes Somos\u00a0 Solicitud de BajaTerminos y CondicionesDenuncia de Clandestinos\u00a0 Hace click en el Icono &#8211; solo\u00a0 mensajes &#8211; Los servicios prestados por Televisora Privada del Oeste S.A. est\u00e1n sujetos a disponibilidad t\u00e9cnica y geogr\u00e1fica dentro del territorio Argentino. &hellip;<\/p>\n<p class=\"read-more\"> <a class=\"\" href=\"https:\/\/tposa.com.ar\/wp\/pago-on-line\/\"> <span class=\"screen-reader-text\">Pago On Line<\/span> Leer m\u00e1s &raquo;<\/a><\/p>\n","protected":false},"author":1,"featured_media":0,"parent":0,"menu_order":0,"comment_status":"closed","ping_status":"closed","template":"","meta":{"site-sidebar-layout":"no-sidebar","site-content-layout":"page-builder","ast-main-header-display":"","ast-hfb-above-header-display":"","ast-hfb-below-header-display":"","ast-hfb-mobile-header-display":"","site-post-title":"disabled","ast-breadcrumbs-content":"","ast-featured-img":"disabled","footer-sml-layout":"","theme-transparent-header-meta":"","adv-header-id-meta":"","stick-header-meta":"","header-above-stick-meta":"","header-main-stick-meta":"","header-below-stick-meta":""},"_links":{"self":[{"href":"https:\/\/tposa.com.ar\/wp\/wp-json\/wp\/v2\/pages\/375"}],"collection":[{"href":"https:\/\/tposa.com.ar\/wp\/wp-json\/wp\/v2\/pages"}],"about":[{"href":"https:\/\/tposa.com.ar\/wp\/wp-json\/wp\/v2\/types\/page"}],"author":[{"embeddable":true,"href":"https:\/\/tposa.com.ar\/wp\/wp-json\/wp\/v2\/users\/1"}],"replies":[{"embeddable":true,"href":"https:\/\/tposa.com.ar\/wp\/wp-json\/wp\/v2\/comments?post=375"}],"version-history":[{"count":64,"href":"https:\/\/tposa.com.ar\/wp\/wp-json\/wp\/v2\/pages\/375\/revisions"}],"predecessor-version":[{"id":1393,"href":"https:\/\/tposa.com.ar\/wp\/wp-json\/wp\/v2\/pages\/375\/revisions\/1393"}],"wp:attachment":[{"href":"https:\/\/tposa.com.ar\/wp\/wp-json\/wp\/v2\/media?parent=375"}],"curies":[{"name":"wp","href":"https:\/\/api.w.org\/{rel}","templated":true}]}}